{"id":31,"date":"2025-03-10T18:51:28","date_gmt":"2025-03-10T17:51:28","guid":{"rendered":"https:\/\/ruhm-schumann.de\/?page_id=31"},"modified":"2025-03-17T11:03:38","modified_gmt":"2025-03-17T10:03:38","slug":"stellenangebote","status":"publish","type":"page","link":"https:\/\/ruhm-schumann.de\/?page_id=31","title":{"rendered":"Stellenangebote"},"content":{"rendered":"\t\t<div data-elementor-type=\"wp-page\" data-elementor-id=\"31\" class=\"elementor elementor-31\">\n\t\t\t\t<div class=\"elementor-element elementor-element-cd6951f e-flex e-con-boxed e-con e-parent\" data-id=\"cd6951f\" data-element_type=\"container\" data-settings=\"{&quot;background_background&quot;:&quot;classic&quot;}\">\n\t\t\t\t\t<div class=\"e-con-inner\">\n\t\t<div class=\"elementor-element elementor-element-1ee8e74 e-con-full e-flex e-con e-child\" data-id=\"1ee8e74\" data-element_type=\"container\">\n\t\t\t\t<\/div>\n\t\t<div class=\"elementor-element elementor-element-49314ca e-con-full e-flex e-con e-child\" data-id=\"49314ca\" data-element_type=\"container\">\n\t\t\t\t<div class=\"elementor-element elementor-element-9521527 elementor-widget__width-initial elementor-invisible elementor-widget elementor-widget-text-editor\" data-id=\"9521527\" data-element_type=\"widget\" data-settings=\"{&quot;_animation&quot;:&quot;fadeInRight&quot;}\" data-widget_type=\"text-editor.default\">\n\t\t\t\t<div class=\"elementor-widget-container\">\n\t\t\t\t\t\t\t\t\t<p><span style=\"color: #ffffff;\"><strong>Ruhm +<\/strong><\/span><\/p><p><span style=\"color: #ffffff;\"><strong>Schumann<\/strong><\/span><\/p><p><span style=\"color: #ffffff;\"><strong>\u00a0<\/strong><\/span><\/p><p><span style=\"color: #ffffff;\">Ihr Elektriker f\u00fcr Braunschweig<\/span><\/p><p><span style=\"color: #ffffff;\">und Umgebung<\/span><\/p>\t\t\t\t\t\t\t\t<\/div>\n\t\t\t\t<\/div>\n\t\t\t\t<\/div>\n\t\t\t\t\t<\/div>\n\t\t\t\t<\/div>\n\t\t<div class=\"elementor-element elementor-element-cd8112b e-flex e-con-boxed e-con e-parent\" data-id=\"cd8112b\" data-element_type=\"container\">\n\t\t\t\t\t<div class=\"e-con-inner\">\n\t\t<div class=\"elementor-element elementor-element-ec702e4 e-con-full e-flex e-con e-child\" data-id=\"ec702e4\" data-element_type=\"container\">\n\t\t\t\t<\/div>\n\t\t<div class=\"elementor-element elementor-element-a760eaf e-con-full e-flex e-con e-child\" data-id=\"a760eaf\" data-element_type=\"container\">\n\t\t\t\t<div class=\"elementor-element elementor-element-2284aeb elementor-widget elementor-widget-heading\" data-id=\"2284aeb\" data-element_type=\"widget\" data-widget_type=\"heading.default\">\n\t\t\t\t<div class=\"elementor-widget-container\">\n\t\t\t\t\t<h2 class=\"elementor-heading-title elementor-size-default\">Stellenbeschreibung<\/h2>\t\t\t\t<\/div>\n\t\t\t\t<\/div>\n\t\t\t\t<div class=\"elementor-element elementor-element-3cdd75f elementor-widget elementor-widget-heading\" data-id=\"3cdd75f\" data-element_type=\"widget\" data-widget_type=\"heading.default\">\n\t\t\t\t<div class=\"elementor-widget-container\">\n\t\t\t\t\t<h2 class=\"elementor-heading-title elementor-size-default\">Wir bilden aus:<\/h2>\t\t\t\t<\/div>\n\t\t\t\t<\/div>\n\t\t\t\t<div class=\"elementor-element elementor-element-a0e8720 elementor-widget elementor-widget-heading\" data-id=\"a0e8720\" data-element_type=\"widget\" data-widget_type=\"heading.default\">\n\t\t\t\t<div class=\"elementor-widget-container\">\n\t\t\t\t\t<h2 class=\"elementor-heading-title elementor-size-default\">Elektroniker\/in f\u00fcr Energie und Geb\u00e4udetechnik<\/h2>\t\t\t\t<\/div>\n\t\t\t\t<\/div>\n\t\t\t\t<div class=\"elementor-element elementor-element-04d25cc elementor-widget elementor-widget-heading\" data-id=\"04d25cc\" data-element_type=\"widget\" data-widget_type=\"heading.default\">\n\t\t\t\t<div class=\"elementor-widget-container\">\n\t\t\t\t\t<h2 class=\"elementor-heading-title elementor-size-default\">Wir sind st\u00e4ndig auf der Suche nach qualifizierten und motivierten Elektroinstallateuren.<\/h2>\t\t\t\t<\/div>\n\t\t\t\t<\/div>\n\t\t\t\t<\/div>\n\t\t<div class=\"elementor-element elementor-element-6603f6d e-con-full e-flex e-con e-child\" data-id=\"6603f6d\" data-element_type=\"container\">\n\t\t\t\t<\/div>\n\t\t\t\t\t<\/div>\n\t\t\t\t<\/div>\n\t\t<div class=\"elementor-element elementor-element-0f1266b e-con-full e-flex e-con e-parent\" data-id=\"0f1266b\" data-element_type=\"container\">\n\t\t\t\t<div class=\"elementor-element elementor-element-069dd0c elementor-widget elementor-widget-google_maps\" data-id=\"069dd0c\" data-element_type=\"widget\" data-widget_type=\"google_maps.default\">\n\t\t\t\t<div class=\"elementor-widget-container\">\n\t\t\t\t\t\t\t<div class=\"elementor-custom-embed\">\n\t\t\t<iframe loading=\"lazy\"\n\t\t\t\t\tsrc=\"https:\/\/maps.google.com\/maps?q=Neckarstra%C3%9Fe%208%2C%20Braunschweig&#038;t=m&#038;z=14&#038;output=embed&#038;iwloc=near\"\n\t\t\t\t\ttitle=\"Neckarstra\u00dfe 8, Braunschweig\"\n\t\t\t\t\taria-label=\"Neckarstra\u00dfe 8, Braunschweig\"\n\t\t\t><\/iframe>\n\t\t<\/div>\n\t\t\t\t\t\t<\/div>\n\t\t\t\t<\/div>\n\t\t\t\t<\/div>\n\t\t<div class=\"elementor-element elementor-element-369f577 e-flex e-con-boxed e-con e-parent\" data-id=\"369f577\" data-element_type=\"container\" data-settings=\"{&quot;background_background&quot;:&quot;classic&quot;}\">\n\t\t\t\t\t<div class=\"e-con-inner\">\n\t\t<div class=\"elementor-element elementor-element-c0c5a2a e-con-full e-flex e-con e-child\" data-id=\"c0c5a2a\" data-element_type=\"container\">\n\t\t\t\t<div class=\"elementor-element elementor-element-d5d8821 elementor-widget elementor-widget-text-editor\" data-id=\"d5d8821\" data-element_type=\"widget\" data-widget_type=\"text-editor.default\">\n\t\t\t\t<div class=\"elementor-widget-container\">\n\t\t\t\t\t\t\t\t\t<p><strong>Ruhm+Schumann Elektrotechnik GmbH<\/strong><\/p><p>Neckarstra\u00dfe 8<\/p><p>38120 Braunschweig<\/p>\t\t\t\t\t\t\t\t<\/div>\n\t\t\t\t<\/div>\n\t\t\t\t<\/div>\n\t\t<div class=\"elementor-element elementor-element-c276d6f e-con-full e-flex e-con e-child\" data-id=\"c276d6f\" data-element_type=\"container\">\n\t\t\t\t<div class=\"elementor-element elementor-element-f92d3b4 elementor-widget elementor-widget-text-editor\" data-id=\"f92d3b4\" data-element_type=\"widget\" data-widget_type=\"text-editor.default\">\n\t\t\t\t<div class=\"elementor-widget-container\">\n\t\t\t\t\t\t\t\t\t<p>Tel.: +49 (531) 8744774<\/p><p>Fax: +49 (531) 8744753<\/p><p>Mail: info@ruhm-schumann.de<\/p>\t\t\t\t\t\t\t\t<\/div>\n\t\t\t\t<\/div>\n\t\t\t\t<\/div>\n\t\t<div class=\"elementor-element elementor-element-b5d4c3d e-con-full e-flex e-con e-child\" data-id=\"b5d4c3d\" data-element_type=\"container\">\n\t\t\t\t<div class=\"elementor-element elementor-element-e0a9de9 elementor-widget elementor-widget-heading\" data-id=\"e0a9de9\" data-element_type=\"widget\" data-widget_type=\"heading.default\">\n\t\t\t\t<div class=\"elementor-widget-container\">\n\t\t\t\t\t<h2 class=\"elementor-heading-title elementor-size-default\"><a href=\"https:\/\/ruhm-schumann.de\/?page_id=73\">Freistellungsbescheinigung<\/a><\/h2>\t\t\t\t<\/div>\n\t\t\t\t<\/div>\n\t\t\t\t<div class=\"elementor-element elementor-element-3c1d392 elementor-widget elementor-widget-heading\" data-id=\"3c1d392\" data-element_type=\"widget\" data-widget_type=\"heading.default\">\n\t\t\t\t<div class=\"elementor-widget-container\">\n\t\t\t\t\t<h2 class=\"elementor-heading-title elementor-size-default\"><a href=\"https:\/\/ruhm-schumann.de\/?page_id=38\">Datenschutz<\/a><\/h2>\t\t\t\t<\/div>\n\t\t\t\t<\/div>\n\t\t\t\t<div class=\"elementor-element elementor-element-0eae99b elementor-widget elementor-widget-heading\" data-id=\"0eae99b\" data-element_type=\"widget\" data-widget_type=\"heading.default\">\n\t\t\t\t<div class=\"elementor-widget-container\">\n\t\t\t\t\t<h2 class=\"elementor-heading-title elementor-size-default\"><a href=\"https:\/\/ruhm-schumann.de\/?page_id=36\">Impressum<\/a><\/h2>\t\t\t\t<\/div>\n\t\t\t\t<\/div>\n\t\t\t\t<\/div>\n\t\t<div class=\"elementor-element elementor-element-2ac62a3 e-con-full e-flex e-con e-child\" data-id=\"2ac62a3\" data-element_type=\"container\">\n\t\t\t\t<div class=\"elementor-element elementor-element-66b2552 elementor-widget elementor-widget-text-editor\" data-id=\"66b2552\" data-element_type=\"widget\" data-widget_type=\"text-editor.default\">\n\t\t\t\t<div class=\"elementor-widget-container\">\n\t\t\t\t\t\t\t\t\t<p>\u00a9 Ruhm+Schumann<\/p><p>Entwicklung und Umsetzung:<\/p><p><span style=\"color: #33cccc;\"><a style=\"color: #33cccc;\" href=\"http:\/\/conceptmedia-online.de\"><strong>conceptmedia<\/strong><\/a><\/span> &#8211; Justin Schaefer<\/p>\t\t\t\t\t\t\t\t<\/div>\n\t\t\t\t<\/div>\n\t\t\t\t<\/div>\n\t\t\t\t\t<\/div>\n\t\t\t\t<\/div>\n\t\t\t\t<\/div>\n\t\t","protected":false},"excerpt":{"rendered":"<p>Ruhm + Schumann \u00a0 Ihr Elektriker f\u00fcr Braunschweig und Umgebung Stellenbeschreibung Wir bilden aus: Elektroniker\/in f\u00fcr Energie und Geb\u00e4udetechnik Wir sind st\u00e4ndig auf der Suche nach qualifizierten und motivierten Elektroinstallateuren. Ruhm+Schumann Elektrotechnik GmbH Neckarstra\u00dfe 8 38120 Braunschweig Tel.: +49 (531) 8744774 Fax: +49 (531) 8744753 Mail: info@ruhm-schumann.de Freistellungsbescheinigung Datenschutz Impressum \u00a9 Ruhm+Schumann Entwicklung und Umsetzung: [&hellip;]<\/p>\n","protected":false},"author":1,"featured_media":0,"parent":0,"menu_order":0,"comment_status":"closed","ping_status":"closed","template":"elementor_header_footer","meta":{"footnotes":""},"class_list":["post-31","page","type-page","status-publish","hentry"],"_links":{"self":[{"href":"https:\/\/ruhm-schumann.de\/index.php?rest_route=\/wp\/v2\/pages\/31","targetHints":{"allow":["GET"]}}],"collection":[{"href":"https:\/\/ruhm-schumann.de\/index.php?rest_route=\/wp\/v2\/pages"}],"about":[{"href":"https:\/\/ruhm-schumann.de\/index.php?rest_route=\/wp\/v2\/types\/page"}],"author":[{"embeddable":true,"href":"https:\/\/ruhm-schumann.de\/index.php?rest_route=\/wp\/v2\/users\/1"}],"replies":[{"embeddable":true,"href":"https:\/\/ruhm-schumann.de\/index.php?rest_route=%2Fwp%2Fv2%2Fcomments&post=31"}],"version-history":[{"count":16,"href":"https:\/\/ruhm-schumann.de\/index.php?rest_route=\/wp\/v2\/pages\/31\/revisions"}],"predecessor-version":[{"id":217,"href":"https:\/\/ruhm-schumann.de\/index.php?rest_route=\/wp\/v2\/pages\/31\/revisions\/217"}],"wp:attachment":[{"href":"https:\/\/ruhm-schumann.de\/index.php?rest_route=%2Fwp%2Fv2%2Fmedia&parent=31"}],"curies":[{"name":"wp","href":"https:\/\/api.w.org\/{rel}","templated":true}]}}