{"id":29,"date":"2025-03-10T18:50:49","date_gmt":"2025-03-10T17:50:49","guid":{"rendered":"https:\/\/ruhm-schumann.de\/?page_id=29"},"modified":"2025-03-17T11:40:40","modified_gmt":"2025-03-17T10:40:40","slug":"leistungen","status":"publish","type":"page","link":"https:\/\/ruhm-schumann.de\/?page_id=29","title":{"rendered":"Leistungen"},"content":{"rendered":"\t\t<div data-elementor-type=\"wp-page\" data-elementor-id=\"29\" class=\"elementor elementor-29\">\n\t\t\t\t<div class=\"elementor-element elementor-element-b3f0d82 e-flex e-con-boxed e-con e-parent\" data-id=\"b3f0d82\" data-element_type=\"container\" data-settings=\"{&quot;background_background&quot;:&quot;classic&quot;}\">\n\t\t\t\t\t<div class=\"e-con-inner\">\n\t\t<div class=\"elementor-element elementor-element-33e48be e-con-full e-flex e-con e-child\" data-id=\"33e48be\" data-element_type=\"container\">\n\t\t\t\t<\/div>\n\t\t<div class=\"elementor-element elementor-element-f59b212 e-con-full e-flex e-con e-child\" data-id=\"f59b212\" data-element_type=\"container\">\n\t\t\t\t<div class=\"elementor-element elementor-element-90f5b37 elementor-widget__width-initial elementor-invisible elementor-widget elementor-widget-text-editor\" data-id=\"90f5b37\" data-element_type=\"widget\" data-settings=\"{&quot;_animation&quot;:&quot;fadeInRight&quot;}\" data-widget_type=\"text-editor.default\">\n\t\t\t\t<div class=\"elementor-widget-container\">\n\t\t\t\t\t\t\t\t\t<p><span style=\"color: #ffffff;\"><strong>Ruhm +<\/strong><\/span><\/p><p><span style=\"color: #ffffff;\"><strong>Schumann<\/strong><\/span><\/p><p><span style=\"color: #ffffff;\"><strong>\u00a0<\/strong><\/span><\/p><p><span style=\"color: #ffffff;\">Ihr Elektriker f\u00fcr Braunschweig<\/span><\/p><p><span style=\"color: #ffffff;\">und Umgebung<\/span><\/p>\t\t\t\t\t\t\t\t<\/div>\n\t\t\t\t<\/div>\n\t\t\t\t<\/div>\n\t\t\t\t\t<\/div>\n\t\t\t\t<\/div>\n\t\t<div class=\"elementor-element elementor-element-006f9ac e-flex e-con-boxed e-con e-parent\" data-id=\"006f9ac\" data-element_type=\"container\">\n\t\t\t\t\t<div class=\"e-con-inner\">\n\t\t\t\t<div class=\"elementor-element elementor-element-309740a elementor-widget elementor-widget-heading\" data-id=\"309740a\" data-element_type=\"widget\" data-widget_type=\"heading.default\">\n\t\t\t\t<div class=\"elementor-widget-container\">\n\t\t\t\t\t<h2 class=\"elementor-heading-title elementor-size-default\">Leistungen<\/h2>\t\t\t\t<\/div>\n\t\t\t\t<\/div>\n\t\t\t\t\t<\/div>\n\t\t\t\t<\/div>\n\t\t<div class=\"elementor-element elementor-element-feb2b13 e-flex e-con-boxed e-con e-parent\" data-id=\"feb2b13\" data-element_type=\"container\">\n\t\t\t\t\t<div class=\"e-con-inner\">\n\t\t<div class=\"elementor-element elementor-element-9e038a6 e-con-full e-flex e-con e-child\" data-id=\"9e038a6\" data-element_type=\"container\">\n\t\t\t\t<div class=\"elementor-element elementor-element-55424fe elementor-widget elementor-widget-heading\" data-id=\"55424fe\" data-element_type=\"widget\" data-widget_type=\"heading.default\">\n\t\t\t\t<div class=\"elementor-widget-container\">\n\t\t\t\t\t<h2 class=\"elementor-heading-title elementor-size-default\">Geb\u00e4udeinstallation<\/h2>\t\t\t\t<\/div>\n\t\t\t\t<\/div>\n\t\t\t\t<div class=\"elementor-element elementor-element-71914c4 elementor-widget__width-initial elementor-widget elementor-widget-text-editor\" data-id=\"71914c4\" data-element_type=\"widget\" data-widget_type=\"text-editor.default\">\n\t\t\t\t<div class=\"elementor-widget-container\">\n\t\t\t\t\t\t\t\t\t<p>Ob Altbausanierung, Modernisierung oder Neubau &#8211; als Elektromeisterbetrieb stellen wir Ihnen gerne unser ganzes Wissen, unsere Erfahrung und unser umfangreiches Leistungspaket im Bereich der gesamten Energie- und Geb\u00e4udetechnik zur Verf\u00fcgung. Bei der Planung, Installation und Instandhaltung der elektrischen Anlage Ihres Wohnhauses, Miet- oder Gewerbeobjektes sind wir Ihr zuverl\u00e4ssiger Partner.<\/p>\t\t\t\t\t\t\t\t<\/div>\n\t\t\t\t<\/div>\n\t\t\t\t<\/div>\n\t\t<div class=\"elementor-element elementor-element-ee37c64 e-con-full e-flex e-con e-child\" data-id=\"ee37c64\" data-element_type=\"container\">\n\t\t\t\t<div class=\"elementor-element elementor-element-1aaacab elementor-widget elementor-widget-heading\" data-id=\"1aaacab\" data-element_type=\"widget\" data-widget_type=\"heading.default\">\n\t\t\t\t<div class=\"elementor-widget-container\">\n\t\t\t\t\t<h2 class=\"elementor-heading-title elementor-size-default\">Reparaturen und Kundendienst\n<\/h2>\t\t\t\t<\/div>\n\t\t\t\t<\/div>\n\t\t\t\t<div class=\"elementor-element elementor-element-a21b5cb elementor-widget elementor-widget-text-editor\" data-id=\"a21b5cb\" data-element_type=\"widget\" data-widget_type=\"text-editor.default\">\n\t\t\t\t<div class=\"elementor-widget-container\">\n\t\t\t\t\t\t\t\t\t<p>Die erfahrenen Mitarbeiter unseres Kundendienstteams stehen Ihnen gerne mit Rat und Tat zur Verf\u00fcgung und sorgen besonders im St\u00f6rungsfall f\u00fcr eine schnelle Abhilfe. <br \/>Wir f\u00fchren Kleinreparaturen f\u00fcr Gewerbe- und Privatkunden sowie Wohnungsgesellschaften aus. Von der einzelnen Gl\u00fchlampe oder defekten Klingelanlage bis hin zur Instandsetzung der Elektroanlage.<\/p>\t\t\t\t\t\t\t\t<\/div>\n\t\t\t\t<\/div>\n\t\t\t\t<\/div>\n\t\t\t\t\t<\/div>\n\t\t\t\t<\/div>\n\t\t<div class=\"elementor-element elementor-element-aa51b39 e-flex e-con-boxed e-con e-parent\" data-id=\"aa51b39\" data-element_type=\"container\">\n\t\t\t\t\t<div class=\"e-con-inner\">\n\t\t<div class=\"elementor-element elementor-element-55f2dc1 e-con-full e-flex e-con e-child\" data-id=\"55f2dc1\" data-element_type=\"container\">\n\t\t\t\t<div class=\"elementor-element elementor-element-b65d686 elementor-widget elementor-widget-heading\" data-id=\"b65d686\" data-element_type=\"widget\" data-widget_type=\"heading.default\">\n\t\t\t\t<div class=\"elementor-widget-container\">\n\t\t\t\t\t<h2 class=\"elementor-heading-title elementor-size-default\">T\u00fcrkommunikation<\/h2>\t\t\t\t<\/div>\n\t\t\t\t<\/div>\n\t\t\t\t<div class=\"elementor-element elementor-element-2b24a37 elementor-widget elementor-widget-text-editor\" data-id=\"2b24a37\" data-element_type=\"widget\" data-widget_type=\"text-editor.default\">\n\t\t\t\t<div class=\"elementor-widget-container\">\n\t\t\t\t\t\t\t\t\t<p>Wir installieren f\u00fcr Sie moderne T\u00fcrkommunikationssysteme, Sprechanlagen und Videoanlagen. Sowohl Sonderanfertigungen nach Ihren W\u00fcnschen als auch Sprechanlagen f\u00fcr Mehrfamilienh\u00e4user.<\/p>\t\t\t\t\t\t\t\t<\/div>\n\t\t\t\t<\/div>\n\t\t\t\t<\/div>\n\t\t<div class=\"elementor-element elementor-element-2c85b21 e-con-full e-flex e-con e-child\" data-id=\"2c85b21\" data-element_type=\"container\">\n\t\t\t\t<div class=\"elementor-element elementor-element-b2a67ad elementor-widget elementor-widget-heading\" data-id=\"b2a67ad\" data-element_type=\"widget\" data-widget_type=\"heading.default\">\n\t\t\t\t<div class=\"elementor-widget-container\">\n\t\t\t\t\t<h2 class=\"elementor-heading-title elementor-size-default\">Daten- und Netzwerktechnik<\/h2>\t\t\t\t<\/div>\n\t\t\t\t<\/div>\n\t\t\t\t<div class=\"elementor-element elementor-element-9e0eb55 elementor-widget elementor-widget-text-editor\" data-id=\"9e0eb55\" data-element_type=\"widget\" data-widget_type=\"text-editor.default\">\n\t\t\t\t<div class=\"elementor-widget-container\">\n\t\t\t\t\t\t\t\t\t<p>Wir liefern und montieren alle passiven Komponenten, die Sie f\u00fcr Ihr Netzwerk ben\u00f6tigen. Gerne \u00fcbernehmen wir auch die Fehlerdiagnose und Fehlerbeseitigung Ihrer aktuellen Anlage und f\u00fchren Pr\u00fcfmessungen durch.<\/p>\t\t\t\t\t\t\t\t<\/div>\n\t\t\t\t<\/div>\n\t\t\t\t<\/div>\n\t\t\t\t\t<\/div>\n\t\t\t\t<\/div>\n\t\t<div class=\"elementor-element elementor-element-4ef29e5 e-flex e-con-boxed e-con e-parent\" data-id=\"4ef29e5\" data-element_type=\"container\">\n\t\t\t\t\t<div class=\"e-con-inner\">\n\t\t<div class=\"elementor-element elementor-element-530c584 e-con-full e-flex e-con e-child\" data-id=\"530c584\" data-element_type=\"container\">\n\t\t\t\t<div class=\"elementor-element elementor-element-2d8c3d9 elementor-widget elementor-widget-heading\" data-id=\"2d8c3d9\" data-element_type=\"widget\" data-widget_type=\"heading.default\">\n\t\t\t\t<div class=\"elementor-widget-container\">\n\t\t\t\t\t<h2 class=\"elementor-heading-title elementor-size-default\">E-Mobilit\u00e4t<\/h2>\t\t\t\t<\/div>\n\t\t\t\t<\/div>\n\t\t\t\t<div class=\"elementor-element elementor-element-d2cdeaf elementor-widget elementor-widget-text-editor\" data-id=\"d2cdeaf\" data-element_type=\"widget\" data-widget_type=\"text-editor.default\">\n\t\t\t\t<div class=\"elementor-widget-container\">\n\t\t\t\t\t\t\t\t\t<p>Das Thema Elektromobilit\u00e4t ist auf dem Vormarsch. Gerne beraten wir Sie hinsichtlich der Planung und Installation einer Lades\u00e4ule f\u00fcr Ihr Elektroauto.<\/p>\t\t\t\t\t\t\t\t<\/div>\n\t\t\t\t<\/div>\n\t\t\t\t<\/div>\n\t\t<div class=\"elementor-element elementor-element-2fb5e69 e-con-full e-flex e-con e-child\" data-id=\"2fb5e69\" data-element_type=\"container\">\n\t\t\t\t<div class=\"elementor-element elementor-element-e34a7b6 elementor-widget elementor-widget-heading\" data-id=\"e34a7b6\" data-element_type=\"widget\" data-widget_type=\"heading.default\">\n\t\t\t\t<div class=\"elementor-widget-container\">\n\t\t\t\t\t<h2 class=\"elementor-heading-title elementor-size-default\">E-Check<\/h2>\t\t\t\t<\/div>\n\t\t\t\t<\/div>\n\t\t\t\t<div class=\"elementor-element elementor-element-e1a15d7 elementor-widget elementor-widget-text-editor\" data-id=\"e1a15d7\" data-element_type=\"widget\" data-widget_type=\"text-editor.default\">\n\t\t\t\t<div class=\"elementor-widget-container\">\n\t\t\t\t\t\t\t\t\t<p>Wir pr\u00fcfen und messen im privaten und gewerblichen Bereich: Elektrische Ger\u00e4te nach DGUV V3 und DIN VDE 0701-0702, elektrische Anlagen nach DIN VDE 0100 Teil 610 <a href=\"https:\/\/www.elektrohandwerk.de\/privat\/themen\/e-check.html\">E-Check<\/a><\/p>\t\t\t\t\t\t\t\t<\/div>\n\t\t\t\t<\/div>\n\t\t\t\t<\/div>\n\t\t\t\t\t<\/div>\n\t\t\t\t<\/div>\n\t\t<div class=\"elementor-element elementor-element-ad0686d e-con-full e-flex e-con e-parent\" data-id=\"ad0686d\" data-element_type=\"container\">\n\t\t\t\t<div class=\"elementor-element elementor-element-c495355 elementor-widget elementor-widget-google_maps\" data-id=\"c495355\" data-element_type=\"widget\" data-widget_type=\"google_maps.default\">\n\t\t\t\t<div class=\"elementor-widget-container\">\n\t\t\t\t\t\t\t<div class=\"elementor-custom-embed\">\n\t\t\t<iframe loading=\"lazy\"\n\t\t\t\t\tsrc=\"https:\/\/maps.google.com\/maps?q=Neckarstra%C3%9Fe%208%2C%20Braunschweig&#038;t=m&#038;z=14&#038;output=embed&#038;iwloc=near\"\n\t\t\t\t\ttitle=\"Neckarstra\u00dfe 8, Braunschweig\"\n\t\t\t\t\taria-label=\"Neckarstra\u00dfe 8, Braunschweig\"\n\t\t\t><\/iframe>\n\t\t<\/div>\n\t\t\t\t\t\t<\/div>\n\t\t\t\t<\/div>\n\t\t\t\t<\/div>\n\t\t<div class=\"elementor-element elementor-element-dac689c e-flex e-con-boxed e-con e-parent\" data-id=\"dac689c\" data-element_type=\"container\" data-settings=\"{&quot;background_background&quot;:&quot;classic&quot;}\">\n\t\t\t\t\t<div class=\"e-con-inner\">\n\t\t<div class=\"elementor-element elementor-element-b4a9d54 e-con-full e-flex e-con e-child\" data-id=\"b4a9d54\" data-element_type=\"container\">\n\t\t\t\t<div class=\"elementor-element elementor-element-7eef23b elementor-widget elementor-widget-text-editor\" data-id=\"7eef23b\" data-element_type=\"widget\" data-widget_type=\"text-editor.default\">\n\t\t\t\t<div class=\"elementor-widget-container\">\n\t\t\t\t\t\t\t\t\t<p><strong>Ruhm+Schumann Elektrotechnik GmbH<\/strong><\/p><p>Neckarstra\u00dfe 8<\/p><p>38120 Braunschweig<\/p>\t\t\t\t\t\t\t\t<\/div>\n\t\t\t\t<\/div>\n\t\t\t\t<\/div>\n\t\t<div class=\"elementor-element elementor-element-6e4e3f7 e-con-full e-flex e-con e-child\" data-id=\"6e4e3f7\" data-element_type=\"container\">\n\t\t\t\t<div class=\"elementor-element elementor-element-fca498c elementor-widget elementor-widget-text-editor\" data-id=\"fca498c\" data-element_type=\"widget\" data-widget_type=\"text-editor.default\">\n\t\t\t\t<div class=\"elementor-widget-container\">\n\t\t\t\t\t\t\t\t\t<p>Tel.: +49 (531) 8744774<\/p><p>Fax: +49 (531) 8744753<\/p><p>Mail: info@ruhm-schumann.de<\/p>\t\t\t\t\t\t\t\t<\/div>\n\t\t\t\t<\/div>\n\t\t\t\t<\/div>\n\t\t<div class=\"elementor-element elementor-element-6513ef9 e-con-full e-flex e-con e-child\" data-id=\"6513ef9\" data-element_type=\"container\">\n\t\t\t\t<div class=\"elementor-element elementor-element-d310836 elementor-widget elementor-widget-heading\" data-id=\"d310836\" data-element_type=\"widget\" data-widget_type=\"heading.default\">\n\t\t\t\t<div class=\"elementor-widget-container\">\n\t\t\t\t\t<h2 class=\"elementor-heading-title elementor-size-default\"><a href=\"https:\/\/ruhm-schumann.de\/?page_id=73\">Freistellungsbescheinigung<\/a><\/h2>\t\t\t\t<\/div>\n\t\t\t\t<\/div>\n\t\t\t\t<div class=\"elementor-element elementor-element-2224655 elementor-widget elementor-widget-heading\" data-id=\"2224655\" data-element_type=\"widget\" data-widget_type=\"heading.default\">\n\t\t\t\t<div class=\"elementor-widget-container\">\n\t\t\t\t\t<h2 class=\"elementor-heading-title elementor-size-default\"><a href=\"https:\/\/ruhm-schumann.de\/?page_id=38\">Datenschutz<\/a><\/h2>\t\t\t\t<\/div>\n\t\t\t\t<\/div>\n\t\t\t\t<div class=\"elementor-element elementor-element-b56ed17 elementor-widget elementor-widget-heading\" data-id=\"b56ed17\" data-element_type=\"widget\" data-widget_type=\"heading.default\">\n\t\t\t\t<div class=\"elementor-widget-container\">\n\t\t\t\t\t<h2 class=\"elementor-heading-title elementor-size-default\"><a href=\"https:\/\/ruhm-schumann.de\/?page_id=36\">Impressum<\/a><\/h2>\t\t\t\t<\/div>\n\t\t\t\t<\/div>\n\t\t\t\t<\/div>\n\t\t<div class=\"elementor-element elementor-element-00566df e-con-full e-flex e-con e-child\" data-id=\"00566df\" data-element_type=\"container\">\n\t\t\t\t<div class=\"elementor-element elementor-element-cbd3fca elementor-widget elementor-widget-text-editor\" data-id=\"cbd3fca\" data-element_type=\"widget\" data-widget_type=\"text-editor.default\">\n\t\t\t\t<div class=\"elementor-widget-container\">\n\t\t\t\t\t\t\t\t\t<p>\u00a9 Ruhm+Schumann<\/p><p>Entwicklung und Umsetzung:<\/p><p><span style=\"color: #33cccc;\"><a style=\"color: #33cccc;\" href=\"http:\/\/conceptmedia-online.de\"><strong>conceptmedia<\/strong><\/a><\/span> &#8211; Justin Schaefer<\/p>\t\t\t\t\t\t\t\t<\/div>\n\t\t\t\t<\/div>\n\t\t\t\t<\/div>\n\t\t\t\t\t<\/div>\n\t\t\t\t<\/div>\n\t\t\t\t<\/div>\n\t\t","protected":false},"excerpt":{"rendered":"<p>Ruhm + Schumann \u00a0 Ihr Elektriker f\u00fcr Braunschweig und Umgebung Leistungen Geb\u00e4udeinstallation Ob Altbausanierung, Modernisierung oder Neubau &#8211; als Elektromeisterbetrieb stellen wir Ihnen gerne unser ganzes Wissen, unsere Erfahrung und unser umfangreiches Leistungspaket im Bereich der gesamten Energie- und Geb\u00e4udetechnik zur Verf\u00fcgung. Bei der Planung, Installation und Instandhaltung der elektrischen Anlage Ihres Wohnhauses, Miet- oder [&hellip;]<\/p>\n","protected":false},"author":1,"featured_media":0,"parent":0,"menu_order":0,"comment_status":"closed","ping_status":"closed","template":"elementor_header_footer","meta":{"footnotes":""},"class_list":["post-29","page","type-page","status-publish","hentry"],"_links":{"self":[{"href":"https:\/\/ruhm-schumann.de\/index.php?rest_route=\/wp\/v2\/pages\/29","targetHints":{"allow":["GET"]}}],"collection":[{"href":"https:\/\/ruhm-schumann.de\/index.php?rest_route=\/wp\/v2\/pages"}],"about":[{"href":"https:\/\/ruhm-schumann.de\/index.php?rest_route=\/wp\/v2\/types\/page"}],"author":[{"embeddable":true,"href":"https:\/\/ruhm-schumann.de\/index.php?rest_route=\/wp\/v2\/users\/1"}],"replies":[{"embeddable":true,"href":"https:\/\/ruhm-schumann.de\/index.php?rest_route=%2Fwp%2Fv2%2Fcomments&post=29"}],"version-history":[{"count":34,"href":"https:\/\/ruhm-schumann.de\/index.php?rest_route=\/wp\/v2\/pages\/29\/revisions"}],"predecessor-version":[{"id":233,"href":"https:\/\/ruhm-schumann.de\/index.php?rest_route=\/wp\/v2\/pages\/29\/revisions\/233"}],"wp:attachment":[{"href":"https:\/\/ruhm-schumann.de\/index.php?rest_route=%2Fwp%2Fv2%2Fmedia&parent=29"}],"curies":[{"name":"wp","href":"https:\/\/api.w.org\/{rel}","templated":true}]}}