{"id":22,"date":"2025-03-10T18:48:42","date_gmt":"2025-03-10T17:48:42","guid":{"rendered":"https:\/\/ruhm-schumann.de\/?page_id=22"},"modified":"2025-03-17T11:35:59","modified_gmt":"2025-03-17T10:35:59","slug":"start","status":"publish","type":"page","link":"https:\/\/ruhm-schumann.de\/","title":{"rendered":"Startseite"},"content":{"rendered":"\t\t<div data-elementor-type=\"wp-page\" data-elementor-id=\"22\" class=\"elementor elementor-22\">\n\t\t\t\t<div class=\"elementor-element elementor-element-8c51111 e-flex e-con-boxed e-con e-parent\" data-id=\"8c51111\" data-element_type=\"container\" data-settings=\"{&quot;background_background&quot;:&quot;classic&quot;}\">\n\t\t\t\t\t<div class=\"e-con-inner\">\n\t\t<div class=\"elementor-element elementor-element-cd7cc3f e-con-full e-flex e-con e-child\" data-id=\"cd7cc3f\" data-element_type=\"container\">\n\t\t\t\t<\/div>\n\t\t<div class=\"elementor-element elementor-element-ce44ea7 e-con-full e-flex e-con e-child\" data-id=\"ce44ea7\" data-element_type=\"container\">\n\t\t\t\t<div class=\"elementor-element elementor-element-955e00e elementor-widget__width-initial elementor-invisible elementor-widget elementor-widget-text-editor\" data-id=\"955e00e\" data-element_type=\"widget\" data-settings=\"{&quot;_animation&quot;:&quot;fadeInRight&quot;}\" data-widget_type=\"text-editor.default\">\n\t\t\t\t<div class=\"elementor-widget-container\">\n\t\t\t\t\t\t\t\t\t<p><span style=\"color: #ffffff;\"><strong>Ruhm +<\/strong><\/span><\/p><p><span style=\"color: #ffffff;\"><strong>Schumann<\/strong><\/span><\/p><p><span style=\"color: #ffffff;\"><strong>\u00a0<\/strong><\/span><\/p><p><span style=\"color: #ffffff;\">Ihr Elektriker f\u00fcr Braunschweig<\/span><\/p><p><span style=\"color: #ffffff;\">und Umgebung<\/span><\/p>\t\t\t\t\t\t\t\t<\/div>\n\t\t\t\t<\/div>\n\t\t\t\t<\/div>\n\t\t\t\t\t<\/div>\n\t\t\t\t<\/div>\n\t\t<div class=\"elementor-element elementor-element-173dd7b e-flex e-con-boxed e-con e-parent\" data-id=\"173dd7b\" data-element_type=\"container\">\n\t\t\t\t\t<div class=\"e-con-inner\">\n\t\t\t\t<div class=\"elementor-element elementor-element-825b751 elementor-widget elementor-widget-heading\" data-id=\"825b751\" data-element_type=\"widget\" data-widget_type=\"heading.default\">\n\t\t\t\t<div class=\"elementor-widget-container\">\n\t\t\t\t\t<h2 class=\"elementor-heading-title elementor-size-default\">Ruhm + Schumann Elektrotechnik GmbH<\/h2>\t\t\t\t<\/div>\n\t\t\t\t<\/div>\n\t\t\t\t<div class=\"elementor-element elementor-element-1f82883 elementor-widget elementor-widget-heading\" data-id=\"1f82883\" data-element_type=\"widget\" data-widget_type=\"heading.default\">\n\t\t\t\t<div class=\"elementor-widget-container\">\n\t\t\t\t\t<h2 class=\"elementor-heading-title elementor-size-default\">Ihr Elektriker f\u00fcr Braunschweig und Umgebung<\/h2>\t\t\t\t<\/div>\n\t\t\t\t<\/div>\n\t\t\t\t\t<\/div>\n\t\t\t\t<\/div>\n\t\t<div class=\"elementor-element elementor-element-dfa0fac e-flex e-con-boxed e-con e-parent\" data-id=\"dfa0fac\" data-element_type=\"container\">\n\t\t\t\t\t<div class=\"e-con-inner\">\n\t\t<div class=\"elementor-element elementor-element-56ff9bd e-con-full e-flex e-con e-child\" data-id=\"56ff9bd\" data-element_type=\"container\">\n\t\t\t\t<div class=\"elementor-element elementor-element-17e9a1e elementor-widget elementor-widget-text-editor\" data-id=\"17e9a1e\" data-element_type=\"widget\" data-widget_type=\"text-editor.default\">\n\t\t\t\t<div class=\"elementor-widget-container\">\n\t\t\t\t\t\t\t\t\t<p>Die Firma Ruhm + Schumann Elektrotechnik GmbH entstand am 1.7.2004 durch den Zusammenschluss der Firmen Elektromeister Walter Ruhm (gegr\u00fcndet 1981) und Elektromeister Ernst Schumann (gegr\u00fcndet 1929). Wir installieren Elektroanlagen von der klassischen Hausinstallation bis hin zur Netzwerktechnik.<span class=\"Apple-converted-space\">\u00a0<\/span><\/p><p>Wir sind ein stetig wachsendes Unternehmen mit Sitz im S\u00fcdwesten von Braunschweig. Als eingetragenes Unternehmen bei der Handwerkskammer und Mitglied der Elektroinnung Braunschweig legen wir Wert auf neueste Technik und richten uns stets nach den aktuellen Anforderungen.<\/p>\t\t\t\t\t\t\t\t<\/div>\n\t\t\t\t<\/div>\n\t\t\t\t<\/div>\n\t\t<div class=\"elementor-element elementor-element-e2519f3 e-con-full e-flex e-con e-child\" data-id=\"e2519f3\" data-element_type=\"container\">\n\t\t\t\t<div class=\"elementor-element elementor-element-ac4ded9 elementor-widget elementor-widget-text-editor\" data-id=\"ac4ded9\" data-element_type=\"widget\" data-widget_type=\"text-editor.default\">\n\t\t\t\t<div class=\"elementor-widget-container\">\n\t\t\t\t\t\t\t\t\t<p>\u00a0Mit unserer langj\u00e4hrigen Erfahrung und Fachkompetenz beraten wir Sie bei der Planung von geb\u00e4udetechnischen Anlagen und k\u00fcmmern uns um deren Errichtung und Instandhaltung.<\/p><p>Ihre Ansprechpartner Julian Bartsch und Oliver Apel widmen sich gerne Ihren Fragen rund um die Elektrotechnik.<\/p>\t\t\t\t\t\t\t\t<\/div>\n\t\t\t\t<\/div>\n\t\t\t\t<div class=\"elementor-element elementor-element-a8bcc05 elementor-align-center elementor-widget elementor-widget-button\" data-id=\"a8bcc05\" data-element_type=\"widget\" data-widget_type=\"button.default\">\n\t\t\t\t<div class=\"elementor-widget-container\">\n\t\t\t\t\t\t\t\t\t<div class=\"elementor-button-wrapper\">\n\t\t\t\t\t<a class=\"elementor-button elementor-button-link elementor-size-sm elementor-animation-grow\" href=\"https:\/\/ruhm-schumann.de\/?page_id=34\">\n\t\t\t\t\t\t<span class=\"elementor-button-content-wrapper\">\n\t\t\t\t\t\t\t\t\t<span class=\"elementor-button-text\">Kontakt<\/span>\n\t\t\t\t\t<\/span>\n\t\t\t\t\t<\/a>\n\t\t\t\t<\/div>\n\t\t\t\t\t\t\t\t<\/div>\n\t\t\t\t<\/div>\n\t\t\t\t<\/div>\n\t\t\t\t\t<\/div>\n\t\t\t\t<\/div>\n\t\t<div class=\"elementor-element elementor-element-1656445 e-grid e-con-boxed e-con e-parent\" data-id=\"1656445\" data-element_type=\"container\">\n\t\t\t\t\t<div class=\"e-con-inner\">\n\t\t<div class=\"elementor-element elementor-element-0ae7d80 e-con-full e-flex e-con e-child\" data-id=\"0ae7d80\" data-element_type=\"container\" data-settings=\"{&quot;background_background&quot;:&quot;classic&quot;}\">\n\t\t\t\t<div class=\"elementor-element elementor-element-0648024 elementor-widget__width-initial elementor-widget elementor-widget-heading\" data-id=\"0648024\" data-element_type=\"widget\" data-widget_type=\"heading.default\">\n\t\t\t\t<div class=\"elementor-widget-container\">\n\t\t\t\t\t<h2 class=\"elementor-heading-title elementor-size-default\"><a href=\"https:\/\/ruhm-schumann.de\/?page_id=29\">Geb\u00e4udeinstallation<br>Reparaturen &amp; Kundendienst<\/a><\/h2>\t\t\t\t<\/div>\n\t\t\t\t<\/div>\n\t\t\t\t<\/div>\n\t\t<div class=\"elementor-element elementor-element-fca2c3d e-con-full e-flex e-con e-child\" data-id=\"fca2c3d\" data-element_type=\"container\" data-settings=\"{&quot;background_background&quot;:&quot;classic&quot;}\">\n\t\t\t\t<div class=\"elementor-element elementor-element-d97fe77 elementor-widget__width-initial elementor-widget elementor-widget-heading\" data-id=\"d97fe77\" data-element_type=\"widget\" data-widget_type=\"heading.default\">\n\t\t\t\t<div class=\"elementor-widget-container\">\n\t\t\t\t\t<h2 class=\"elementor-heading-title elementor-size-default\"><a href=\"https:\/\/ruhm-schumann.de\/?page_id=29\">T\u00fcrkommunikation<br>Daten &amp; Netzwerktechnik<\/a><\/h2>\t\t\t\t<\/div>\n\t\t\t\t<\/div>\n\t\t\t\t<\/div>\n\t\t<div class=\"elementor-element elementor-element-0b5d9cc e-con-full e-flex e-con e-child\" data-id=\"0b5d9cc\" data-element_type=\"container\" data-settings=\"{&quot;background_background&quot;:&quot;classic&quot;}\">\n\t\t\t\t<div class=\"elementor-element elementor-element-074a1c9 elementor-widget__width-initial elementor-widget elementor-widget-heading\" data-id=\"074a1c9\" data-element_type=\"widget\" data-widget_type=\"heading.default\">\n\t\t\t\t<div class=\"elementor-widget-container\">\n\t\t\t\t\t<h2 class=\"elementor-heading-title elementor-size-default\"><a href=\"https:\/\/ruhm-schumann.de\/?page_id=29\">E-Mobilit\u00e4t<\/a><\/h2>\t\t\t\t<\/div>\n\t\t\t\t<\/div>\n\t\t\t\t<\/div>\n\t\t<div class=\"elementor-element elementor-element-f071c65 e-con-full e-flex e-con e-child\" data-id=\"f071c65\" data-element_type=\"container\" data-settings=\"{&quot;background_background&quot;:&quot;classic&quot;}\">\n\t\t\t\t<div class=\"elementor-element elementor-element-ae1592b elementor-widget__width-initial elementor-widget elementor-widget-heading\" data-id=\"ae1592b\" data-element_type=\"widget\" data-widget_type=\"heading.default\">\n\t\t\t\t<div class=\"elementor-widget-container\">\n\t\t\t\t\t<h2 class=\"elementor-heading-title elementor-size-default\"><a href=\"https:\/\/ruhm-schumann.de\/?page_id=29\">E-Check und Ger\u00e4tepr\u00fcfung<\/a><\/h2>\t\t\t\t<\/div>\n\t\t\t\t<\/div>\n\t\t\t\t<\/div>\n\t\t\t\t\t<\/div>\n\t\t\t\t<\/div>\n\t\t<div class=\"elementor-element elementor-element-5d12d2d e-con-full e-flex e-con e-parent\" data-id=\"5d12d2d\" data-element_type=\"container\">\n\t\t\t\t<div class=\"elementor-element elementor-element-f704a07 elementor-widget elementor-widget-google_maps\" data-id=\"f704a07\" data-element_type=\"widget\" data-widget_type=\"google_maps.default\">\n\t\t\t\t<div class=\"elementor-widget-container\">\n\t\t\t\t\t\t\t<div class=\"elementor-custom-embed\">\n\t\t\t<iframe loading=\"lazy\"\n\t\t\t\t\tsrc=\"https:\/\/maps.google.com\/maps?q=Neckarstra%C3%9Fe%208%2C%20Braunschweig&#038;t=m&#038;z=14&#038;output=embed&#038;iwloc=near\"\n\t\t\t\t\ttitle=\"Neckarstra\u00dfe 8, Braunschweig\"\n\t\t\t\t\taria-label=\"Neckarstra\u00dfe 8, Braunschweig\"\n\t\t\t><\/iframe>\n\t\t<\/div>\n\t\t\t\t\t\t<\/div>\n\t\t\t\t<\/div>\n\t\t\t\t<\/div>\n\t\t<div class=\"elementor-element elementor-element-1ba31cf e-flex e-con-boxed e-con e-parent\" data-id=\"1ba31cf\" data-element_type=\"container\" data-settings=\"{&quot;background_background&quot;:&quot;classic&quot;}\">\n\t\t\t\t\t<div class=\"e-con-inner\">\n\t\t<div class=\"elementor-element elementor-element-9bf7b24 e-con-full e-flex e-con e-child\" data-id=\"9bf7b24\" data-element_type=\"container\">\n\t\t\t\t<div class=\"elementor-element elementor-element-f2c6b9e elementor-widget elementor-widget-text-editor\" data-id=\"f2c6b9e\" data-element_type=\"widget\" data-widget_type=\"text-editor.default\">\n\t\t\t\t<div class=\"elementor-widget-container\">\n\t\t\t\t\t\t\t\t\t<p><strong>Ruhm+Schumann Elektrotechnik GmbH<\/strong><\/p><p>Neckarstra\u00dfe 8<\/p><p>38120 Braunschweig<\/p>\t\t\t\t\t\t\t\t<\/div>\n\t\t\t\t<\/div>\n\t\t\t\t<\/div>\n\t\t<div class=\"elementor-element elementor-element-74378d4 e-con-full e-flex e-con e-child\" data-id=\"74378d4\" data-element_type=\"container\">\n\t\t\t\t<div class=\"elementor-element elementor-element-69cc0f6 elementor-widget elementor-widget-text-editor\" data-id=\"69cc0f6\" data-element_type=\"widget\" data-widget_type=\"text-editor.default\">\n\t\t\t\t<div class=\"elementor-widget-container\">\n\t\t\t\t\t\t\t\t\t<p>Tel.: +49 (531) 8744774<\/p><p>Fax: +49 (531) 8744753<\/p><p>Mail: info@ruhm-schumann.de<\/p>\t\t\t\t\t\t\t\t<\/div>\n\t\t\t\t<\/div>\n\t\t\t\t<\/div>\n\t\t<div class=\"elementor-element elementor-element-d7ebf9d e-con-full e-flex e-con e-child\" data-id=\"d7ebf9d\" data-element_type=\"container\">\n\t\t\t\t<div class=\"elementor-element elementor-element-baf5d3c elementor-widget elementor-widget-heading\" data-id=\"baf5d3c\" data-element_type=\"widget\" data-widget_type=\"heading.default\">\n\t\t\t\t<div class=\"elementor-widget-container\">\n\t\t\t\t\t<h2 class=\"elementor-heading-title elementor-size-default\"><a href=\"https:\/\/ruhm-schumann.de\/?page_id=73\">Freistellungsbescheinigung<\/a><\/h2>\t\t\t\t<\/div>\n\t\t\t\t<\/div>\n\t\t\t\t<div class=\"elementor-element elementor-element-8008d0e elementor-widget elementor-widget-heading\" data-id=\"8008d0e\" data-element_type=\"widget\" data-widget_type=\"heading.default\">\n\t\t\t\t<div class=\"elementor-widget-container\">\n\t\t\t\t\t<h2 class=\"elementor-heading-title elementor-size-default\"><a href=\"https:\/\/ruhm-schumann.de\/?page_id=38\">Datenschutz<\/a><\/h2>\t\t\t\t<\/div>\n\t\t\t\t<\/div>\n\t\t\t\t<div class=\"elementor-element elementor-element-dbcab20 elementor-widget elementor-widget-heading\" data-id=\"dbcab20\" data-element_type=\"widget\" data-widget_type=\"heading.default\">\n\t\t\t\t<div class=\"elementor-widget-container\">\n\t\t\t\t\t<h2 class=\"elementor-heading-title elementor-size-default\"><a href=\"https:\/\/ruhm-schumann.de\/?page_id=36\">Impressum<\/a><\/h2>\t\t\t\t<\/div>\n\t\t\t\t<\/div>\n\t\t\t\t<\/div>\n\t\t<div class=\"elementor-element elementor-element-f5e9b67 e-con-full e-flex e-con e-child\" data-id=\"f5e9b67\" data-element_type=\"container\">\n\t\t\t\t<div class=\"elementor-element elementor-element-ae924ba elementor-widget elementor-widget-text-editor\" data-id=\"ae924ba\" data-element_type=\"widget\" data-widget_type=\"text-editor.default\">\n\t\t\t\t<div class=\"elementor-widget-container\">\n\t\t\t\t\t\t\t\t\t<p>\u00a9 Ruhm+Schumann<\/p><p>Entwicklung und Umsetzung:<\/p><p><span style=\"color: #33cccc;\"><a style=\"color: #33cccc;\" href=\"http:\/\/conceptmedia-online.de\"><strong>conceptmedia<\/strong><\/a><\/span> &#8211; Justin Schaefer<\/p>\t\t\t\t\t\t\t\t<\/div>\n\t\t\t\t<\/div>\n\t\t\t\t<\/div>\n\t\t\t\t\t<\/div>\n\t\t\t\t<\/div>\n\t\t\t\t<\/div>\n\t\t","protected":false},"excerpt":{"rendered":"<p>Ruhm + Schumann \u00a0 Ihr Elektriker f\u00fcr Braunschweig und Umgebung Ruhm + Schumann Elektrotechnik GmbH Ihr Elektriker f\u00fcr Braunschweig und Umgebung Die Firma Ruhm + Schumann Elektrotechnik GmbH entstand am 1.7.2004 durch den Zusammenschluss der Firmen Elektromeister Walter Ruhm (gegr\u00fcndet 1981) und Elektromeister Ernst Schumann (gegr\u00fcndet 1929). Wir installieren Elektroanlagen von der klassischen Hausinstallation bis [&hellip;]<\/p>\n","protected":false},"author":1,"featured_media":0,"parent":0,"menu_order":0,"comment_status":"closed","ping_status":"closed","template":"elementor_header_footer","meta":{"footnotes":""},"class_list":["post-22","page","type-page","status-publish","hentry"],"_links":{"self":[{"href":"https:\/\/ruhm-schumann.de\/index.php?rest_route=\/wp\/v2\/pages\/22","targetHints":{"allow":["GET"]}}],"collection":[{"href":"https:\/\/ruhm-schumann.de\/index.php?rest_route=\/wp\/v2\/pages"}],"about":[{"href":"https:\/\/ruhm-schumann.de\/index.php?rest_route=\/wp\/v2\/types\/page"}],"author":[{"embeddable":true,"href":"https:\/\/ruhm-schumann.de\/index.php?rest_route=\/wp\/v2\/users\/1"}],"replies":[{"embeddable":true,"href":"https:\/\/ruhm-schumann.de\/index.php?rest_route=%2Fwp%2Fv2%2Fcomments&post=22"}],"version-history":[{"count":71,"href":"https:\/\/ruhm-schumann.de\/index.php?rest_route=\/wp\/v2\/pages\/22\/revisions"}],"predecessor-version":[{"id":230,"href":"https:\/\/ruhm-schumann.de\/index.php?rest_route=\/wp\/v2\/pages\/22\/revisions\/230"}],"wp:attachment":[{"href":"https:\/\/ruhm-schumann.de\/index.php?rest_route=%2Fwp%2Fv2%2Fmedia&parent=22"}],"curies":[{"name":"wp","href":"https:\/\/api.w.org\/{rel}","templated":true}]}}